{"id":74,"date":"2022-12-19T03:00:01","date_gmt":"2022-12-19T03:00:01","guid":{"rendered":"https:\/\/gaviaspreview.com\/wp\/gowilds\/?page_id=74"},"modified":"2025-05-22T14:48:14","modified_gmt":"2025-05-22T14:48:14","slug":"congreso-sostenibilidad-en-el-deporte","status":"publish","type":"page","link":"https:\/\/selloambientalcoa.org.ar\/en\/congreso-sostenibilidad-en-el-deporte\/","title":{"rendered":"Congreso de Sostenibilidad en el Deporte"},"content":{"rendered":"\t\t<div data-elementor-type=\"wp-page\" data-elementor-id=\"74\" class=\"elementor elementor-74\">\n\t\t\t\t\t\t<section class=\"elementor-section elementor-top-section elementor-element elementor-element-637d691 elementor-section-boxed elementor-section-height-default elementor-section-height-default\" data-id=\"637d691\" data-element_type=\"section\" data-e-type=\"section\" data-settings=\"{&quot;background_background&quot;:&quot;slideshow&quot;,&quot;background_slideshow_gallery&quot;:[{&quot;id&quot;:177,&quot;url&quot;:&quot;https:\\\/\\\/gaviaspreview.com\\\/wp\\\/gowilds\\\/wp-content\\\/uploads\\\/2023\\\/01\\\/breadcrumb-01.jpg&quot;},{&quot;id&quot;:178,&quot;url&quot;:&quot;https:\\\/\\\/gaviaspreview.com\\\/wp\\\/gowilds\\\/wp-content\\\/uploads\\\/2023\\\/01\\\/breadcrumb-02.jpg&quot;}],&quot;background_slideshow_ken_burns&quot;:&quot;yes&quot;,&quot;background_slideshow_loop&quot;:&quot;yes&quot;,&quot;background_slideshow_slide_duration&quot;:5000,&quot;background_slideshow_slide_transition&quot;:&quot;fade&quot;,&quot;background_slideshow_transition_duration&quot;:500,&quot;background_slideshow_ken_burns_zoom_direction&quot;:&quot;in&quot;}\">\n\t\t\t\t\t\t<div class=\"elementor-container elementor-column-gap-default\">\n\t\t\t\t\t<div class=\"elementor-column elementor-col-100 elementor-top-column elementor-element elementor-element-3d995e8\" data-id=\"3d995e8\" data-element_type=\"column\" data-e-type=\"column\">\n\t\t\t<div class=\"elementor-widget-wrap elementor-element-populated\">\n\t\t\t\t\t\t<div class=\"elementor-element elementor-element-d62d6b1 elementor-widget elementor-widget-gva-heading-block\" data-id=\"d62d6b1\" data-element_type=\"widget\" data-e-type=\"widget\" data-widget_type=\"gva-heading-block.default\">\n\t\t\t\t<div class=\"elementor-widget-container\">\n\t\t\t\t\t<div class=\"gva-element-gva-heading-block gva-element\">   <div class=\"align-center style-1 widget gsc-heading box-align-center auto-responsive\">\r\n      <div class=\"content-inner\">\r\n         \r\n                  \r\n           \r\n         \r\n                     <h2 class=\"title\">\r\n               <span>Congreso de Sostenibilidad en el Deporte<\/span>\r\n            <\/h2>\r\n                  \r\n         \r\n         \r\n      <\/div>\r\n   <\/div>\r\n<\/div>\t\t\t\t<\/div>\n\t\t\t\t<\/div>\n\t\t\t\t\t<\/div>\n\t\t<\/div>\n\t\t\t\t\t<\/div>\n\t\t<\/section>\n\t\t\t\t<section class=\"elementor-section elementor-top-section elementor-element elementor-element-e65215c elementor-section-boxed elementor-section-height-default elementor-section-height-default\" data-id=\"e65215c\" data-element_type=\"section\" data-e-type=\"section\">\n\t\t\t\t\t\t<div class=\"elementor-container elementor-column-gap-default\">\n\t\t\t\t\t<div class=\"elementor-column elementor-col-100 elementor-top-column elementor-element elementor-element-5bb2f06\" data-id=\"5bb2f06\" data-element_type=\"column\" data-e-type=\"column\">\n\t\t\t<div class=\"elementor-widget-wrap elementor-element-populated\">\n\t\t\t\t\t\t<div class=\"elementor-element elementor-element-f4054f1 elementor-widget elementor-widget-heading\" data-id=\"f4054f1\" data-element_type=\"widget\" data-e-type=\"widget\" data-widget_type=\"heading.default\">\n\t\t\t\t<div class=\"elementor-widget-container\">\n\t\t\t\t\t<h2 class=\"elementor-heading-title elementor-size-default\">III Congreso Argentino de Sostenibilidad en el Deporte<\/h2>\t\t\t\t<\/div>\n\t\t\t\t<\/div>\n\t\t\t\t<div class=\"elementor-element elementor-element-5ac2fe2 elementor-widget elementor-widget-text-editor\" data-id=\"5ac2fe2\" data-element_type=\"widget\" data-e-type=\"widget\" data-widget_type=\"text-editor.default\">\n\t\t\t\t<div class=\"elementor-widget-container\">\n\t\t\t\t\t\t\t\t\t<p><span style=\"font-weight: 400;\">El <\/span><b>3er Congreso Argentino de Sostenibilidad en el Deporte<\/b><span style=\"font-weight: 400;\"> nace con el prop\u00f3sito de generar un espacio de reflexi\u00f3n, intercambio y acci\u00f3n sobre el impacto ambiental del deporte y su potencial para promover pr\u00e1cticas sostenibles. Bajo el lema <\/span><b>&#8220;Reciclar, reconstruir, transformar&#8221;<\/b><span style=\"font-weight: 400;\">, buscamos destacar el rol clave del deporte en la preservaci\u00f3n del ambiente y su capacidad para impulsar un cambio positivo en la sociedad.<\/span><\/p><p><span style=\"font-weight: 400;\">En un contexto donde la crisis clim\u00e1tica exige respuestas concretas, este congreso re\u00fane a expertos, instituciones deportivas, empresas y organizaciones comprometidas con la sostenibilidad. A trav\u00e9s de ponencias, mesas de debate y talleres, abordaremos estrategias innovadoras para reducir la huella ecol\u00f3gica del deporte, fomentar la econom\u00eda circular y promover infraestructuras y eventos deportivos m\u00e1s responsables con el planeta.<\/span><\/p><p><span style=\"font-weight: 400;\">El deporte tiene el poder de inspirar y movilizar comunidades. Es un veh\u00edculo de educaci\u00f3n y transformaci\u00f3n social, capaz de generar conciencia ambiental desde la base. Por ello, este congreso invita a todos los actores del \u00e1mbito deportivo a sumarse al desaf\u00edo de construir un futuro m\u00e1s sostenible, donde la actividad f\u00edsica y la competici\u00f3n vayan de la mano con el cuidado del entorno.<\/span><\/p><p><span style=\"font-weight: 400;\">Juntos, podemos reciclar ideas, reconstruir h\u00e1bitos y transformar el deporte en un verdadero motor de la sostenibilidad ambiental.<\/span><\/p>\t\t\t\t\t\t\t\t<\/div>\n\t\t\t\t<\/div>\n\t\t\t\t<div class=\"elementor-element elementor-element-fbbddbd elementor-widget elementor-widget-image\" data-id=\"fbbddbd\" data-element_type=\"widget\" data-e-type=\"widget\" data-widget_type=\"image.default\">\n\t\t\t\t<div class=\"elementor-widget-container\">\n\t\t\t\t\t\t\t\t\t\t\t\t\t\t\t<img fetchpriority=\"high\" decoding=\"async\" width=\"1280\" height=\"775\" src=\"https:\/\/selloambientalcoa.org.ar\/wp-content\/uploads\/2025\/05\/Foto-1-congreso.webp\" class=\"elementor-animation-grow attachment-full size-full wp-image-2928\" alt=\"\" srcset=\"https:\/\/selloambientalcoa.org.ar\/wp-content\/uploads\/2025\/05\/Foto-1-congreso.webp 1280w, https:\/\/selloambientalcoa.org.ar\/wp-content\/uploads\/2025\/05\/Foto-1-congreso-1024x620.webp 1024w, https:\/\/selloambientalcoa.org.ar\/wp-content\/uploads\/2025\/05\/Foto-1-congreso-768x465.webp 768w\" sizes=\"(max-width: 1280px) 100vw, 1280px\" \/>\t\t\t\t\t\t\t\t\t\t\t\t\t\t\t<\/div>\n\t\t\t\t<\/div>\n\t\t\t\t\t<\/div>\n\t\t<\/div>\n\t\t\t\t\t<\/div>\n\t\t<\/section>\n\t\t\t\t<section class=\"elementor-section elementor-top-section elementor-element elementor-element-2b6b70c elementor-section-boxed elementor-section-height-default elementor-section-height-default\" data-id=\"2b6b70c\" data-element_type=\"section\" data-e-type=\"section\">\n\t\t\t\t\t\t<div class=\"elementor-container elementor-column-gap-default\">\n\t\t\t\t\t<div class=\"elementor-column elementor-col-100 elementor-top-column elementor-element elementor-element-99a5734\" data-id=\"99a5734\" data-element_type=\"column\" data-e-type=\"column\">\n\t\t\t<div class=\"elementor-widget-wrap elementor-element-populated\">\n\t\t\t\t\t\t<div class=\"elementor-element elementor-element-3accc94 elementor-widget elementor-widget-heading\" data-id=\"3accc94\" data-element_type=\"widget\" data-e-type=\"widget\" data-widget_type=\"heading.default\">\n\t\t\t\t<div class=\"elementor-widget-container\">\n\t\t\t\t\t<h2 class=\"elementor-heading-title elementor-size-default\">Descargar programa<\/h2>\t\t\t\t<\/div>\n\t\t\t\t<\/div>\n\t\t\t\t<div class=\"elementor-element elementor-element-f32aaa0 elementor-view-default elementor-widget elementor-widget-icon\" data-id=\"f32aaa0\" data-element_type=\"widget\" data-e-type=\"widget\" data-widget_type=\"icon.default\">\n\t\t\t\t<div class=\"elementor-widget-container\">\n\t\t\t\t\t\t\t<div class=\"elementor-icon-wrapper\">\n\t\t\t<a class=\"elementor-icon elementor-animation-grow\" href=\"https:\/\/selloambientalcoa.org.ar\/wp-content\/uploads\/2025\/05\/Programa-Congreso-Sostenibilidad-2025.pdf\">\n\t\t\t<i aria-hidden=\"true\" class=\"fas fa-file-pdf\"><\/i>\t\t\t<\/a>\n\t\t<\/div>\n\t\t\t\t\t\t<\/div>\n\t\t\t\t<\/div>\n\t\t\t\t\t<\/div>\n\t\t<\/div>\n\t\t\t\t\t<\/div>\n\t\t<\/section>\n\t\t\t\t<section class=\"elementor-section elementor-top-section elementor-element elementor-element-46a49f1 elementor-section-boxed elementor-section-height-default elementor-section-height-default\" data-id=\"46a49f1\" data-element_type=\"section\" data-e-type=\"section\">\n\t\t\t\t\t\t<div class=\"elementor-container elementor-column-gap-default\">\n\t\t\t\t\t<div class=\"elementor-column elementor-col-100 elementor-top-column elementor-element elementor-element-9e89a75\" data-id=\"9e89a75\" data-element_type=\"column\" data-e-type=\"column\">\n\t\t\t<div class=\"elementor-widget-wrap elementor-element-populated\">\n\t\t\t\t\t\t<div class=\"elementor-element elementor-element-aafe2fb elementor-widget elementor-widget-image\" data-id=\"aafe2fb\" data-element_type=\"widget\" data-e-type=\"widget\" data-widget_type=\"image.default\">\n\t\t\t\t<div class=\"elementor-widget-container\">\n\t\t\t\t\t\t\t\t\t\t\t\t\t\t\t<img decoding=\"async\" width=\"728\" height=\"1024\" src=\"https:\/\/selloambientalcoa.org.ar\/wp-content\/uploads\/2025\/05\/Flyer-Congreso-2025-728x1024.webp\" class=\"elementor-animation-grow attachment-large size-large wp-image-2929\" alt=\"\" srcset=\"https:\/\/selloambientalcoa.org.ar\/wp-content\/uploads\/2025\/05\/Flyer-Congreso-2025-728x1024.webp 728w, https:\/\/selloambientalcoa.org.ar\/wp-content\/uploads\/2025\/05\/Flyer-Congreso-2025.webp 766w\" sizes=\"(max-width: 728px) 100vw, 728px\" \/>\t\t\t\t\t\t\t\t\t\t\t\t\t\t\t<\/div>\n\t\t\t\t<\/div>\n\t\t\t\t\t<\/div>\n\t\t<\/div>\n\t\t\t\t\t<\/div>\n\t\t<\/section>\n\t\t\t\t<\/div>\n\t\t","protected":false},"excerpt":{"rendered":"<p>Congreso de Sostenibilidad en el Deporte III Congreso Argentino de Sostenibilidad en el Deporte El 3er Congreso Argentino de Sostenibilidad en el Deporte nace con el prop\u00f3sito de generar un espacio de reflexi\u00f3n, intercambio y acci\u00f3n sobre el impacto ambiental del deporte y su potencial para promover pr\u00e1cticas sostenibles. Bajo el lema &#8220;Reciclar, reconstruir, transformar&#8221;, [&hellip;]<\/p>\n","protected":false},"author":1,"featured_media":0,"parent":0,"menu_order":0,"comment_status":"closed","ping_status":"closed","template":"","meta":{"_acf_changed":false,"footnotes":""},"class_list":["post-74","page","type-page","status-publish","hentry"],"acf":[],"_links":{"self":[{"href":"https:\/\/selloambientalcoa.org.ar\/en\/wp-json\/wp\/v2\/pages\/74","targetHints":{"allow":["GET"]}}],"collection":[{"href":"https:\/\/selloambientalcoa.org.ar\/en\/wp-json\/wp\/v2\/pages"}],"about":[{"href":"https:\/\/selloambientalcoa.org.ar\/en\/wp-json\/wp\/v2\/types\/page"}],"author":[{"embeddable":true,"href":"https:\/\/selloambientalcoa.org.ar\/en\/wp-json\/wp\/v2\/users\/1"}],"replies":[{"embeddable":true,"href":"https:\/\/selloambientalcoa.org.ar\/en\/wp-json\/wp\/v2\/comments?post=74"}],"version-history":[{"count":22,"href":"https:\/\/selloambientalcoa.org.ar\/en\/wp-json\/wp\/v2\/pages\/74\/revisions"}],"predecessor-version":[{"id":3482,"href":"https:\/\/selloambientalcoa.org.ar\/en\/wp-json\/wp\/v2\/pages\/74\/revisions\/3482"}],"wp:attachment":[{"href":"https:\/\/selloambientalcoa.org.ar\/en\/wp-json\/wp\/v2\/media?parent=74"}],"curies":[{"name":"wp","href":"https:\/\/api.w.org\/{rel}","templated":true}]}}