{"id":4227,"date":"2025-09-03T21:25:50","date_gmt":"2025-09-03T21:25:50","guid":{"rendered":"https:\/\/selloambientalcoa.org.ar\/?page_id=4227"},"modified":"2025-09-03T21:27:36","modified_gmt":"2025-09-03T21:27:36","slug":"nuestros-guardianes","status":"publish","type":"page","link":"https:\/\/selloambientalcoa.org.ar\/en\/nuestros-guardianes\/","title":{"rendered":"Nuestros Guardianes"},"content":{"rendered":"<div data-elementor-type=\"wp-page\" data-elementor-id=\"4227\" class=\"elementor elementor-4227\">\n\t\t\t\t\t\t<section class=\"elementor-section elementor-top-section elementor-element elementor-element-ff1cae2 elementor-section-boxed elementor-section-height-default elementor-section-height-default\" data-id=\"ff1cae2\" data-element_type=\"section\" data-e-type=\"section\">\n\t\t\t\t\t\t<div class=\"elementor-container elementor-column-gap-default\">\n\t\t\t\t\t<div class=\"elementor-column elementor-col-100 elementor-top-column elementor-element elementor-element-2f7879e\" data-id=\"2f7879e\" data-element_type=\"column\" data-e-type=\"column\">\n\t\t\t<div class=\"elementor-widget-wrap elementor-element-populated\">\n\t\t\t\t\t\t<div class=\"elementor-element elementor-element-60dff85 elementor-widget elementor-widget-text-editor\" data-id=\"60dff85\" data-element_type=\"widget\" data-e-type=\"widget\" data-widget_type=\"text-editor.default\">\n\t\t\t\t<div class=\"elementor-widget-container\">\n\t\t\t\t\t\t\t\t\t<p style=\"text-align: center;\">Desde distintos rincones de Argentina, ni\u00f1as y ni\u00f1os se suman con entusiasmo al programa\u00a0<strong>Guardianes del Planeta<\/strong>, compartiendo sus gestos cotidianos de cuidado ambiental y su compromiso con una sociedad m\u00e1s consciente, inclusiva y responsable.<\/p><p style=\"text-align: center;\">Te invitamos a conocer sus historias, sus promesas y sus aventuras. Porque cuando la infancia se convierte en protagonista del cambio, el futuro se llena de esperanza.<\/p><p style=\"text-align: center;\"><strong><em>A continuaci\u00f3n, te compartimos algunos videos de a\u00f1os anteriores para que te inspiren a crear el tuyo, respetando las nuevas consignas del programa. \u00a1Tu aporte tambi\u00e9n puede marcar la diferencia!<\/em><\/strong><\/p>\t\t\t\t\t\t\t\t<\/div>\n\t\t\t\t<\/div>\n\t\t\t\t\t<\/div>\n\t\t<\/div>\n\t\t\t\t\t<\/div>\n\t\t<\/section>\n\t\t\t\t<section class=\"elementor-section elementor-top-section elementor-element elementor-element-81c1110 elementor-section-boxed elementor-section-height-default elementor-section-height-default\" data-id=\"81c1110\" data-element_type=\"section\" data-e-type=\"section\">\n\t\t\t\t\t\t<div class=\"elementor-container elementor-column-gap-default\">\n\t\t\t\t\t<div class=\"elementor-column elementor-col-100 elementor-top-column elementor-element elementor-element-dfdfc87\" data-id=\"dfdfc87\" data-element_type=\"column\" data-e-type=\"column\">\n\t\t\t<div class=\"elementor-widget-wrap elementor-element-populated\">\n\t\t\t\t\t\t<div class=\"elementor-element elementor-element-c35a23c elementor-widget elementor-widget-video\" data-id=\"c35a23c\" data-element_type=\"widget\" data-e-type=\"widget\" data-settings=\"{&quot;video_type&quot;:&quot;hosted&quot;,&quot;controls&quot;:&quot;yes&quot;}\" data-widget_type=\"video.default\">\n\t\t\t\t<div class=\"elementor-widget-container\">\n\t\t\t\t\t\t\t<div class=\"e-hosted-video elementor-wrapper elementor-open-inline\">\n\t\t\t\t\t<video class=\"elementor-video\" src=\"https:\/\/selloambientalcoa.org.ar\/wp-content\/uploads\/2025\/08\/Escuela-E.P.E.T-34-Itaembe-Guazu-Misiones.mp4\" controls=\"\" preload=\"metadata\" controlslist=\"nodownload\"><\/video>\n\t\t\t\t<\/div>\n\t\t\t\t\t\t<\/div>\n\t\t\t\t<\/div>\n\t\t\t\t\t<\/div>\n\t\t<\/div>\n\t\t\t\t\t<\/div>\n\t\t<\/section>\n\t\t\t\t<section class=\"elementor-section elementor-top-section elementor-element elementor-element-1452ccb elementor-section-boxed elementor-section-height-default elementor-section-height-default\" data-id=\"1452ccb\" data-element_type=\"section\" data-e-type=\"section\">\n\t\t\t\t\t\t<div class=\"elementor-container elementor-column-gap-default\">\n\t\t\t\t\t<div class=\"elementor-column elementor-col-100 elementor-top-column elementor-element elementor-element-3a1438d\" data-id=\"3a1438d\" data-element_type=\"column\" data-e-type=\"column\">\n\t\t\t<div class=\"elementor-widget-wrap elementor-element-populated\">\n\t\t\t\t\t\t<div class=\"elementor-element elementor-element-5d41713 elementor-widget elementor-widget-text-editor\" data-id=\"5d41713\" data-element_type=\"widget\" data-e-type=\"widget\" data-widget_type=\"text-editor.default\">\n\t\t\t\t<div class=\"elementor-widget-container\">\n\t\t\t\t\t\t\t\t\t<p><em>Escuela E.P.E.T 34 \u2013 Itaemb\u00e9 Guaz\u00fa, Misiones<\/em><\/p>\t\t\t\t\t\t\t\t<\/div>\n\t\t\t\t<\/div>\n\t\t\t\t\t<\/div>\n\t\t<\/div>\n\t\t\t\t\t<\/div>\n\t\t<\/section>\n\t\t\t\t<section class=\"elementor-section elementor-top-section elementor-element elementor-element-0363ff4 elementor-section-boxed elementor-section-height-default elementor-section-height-default\" data-id=\"0363ff4\" data-element_type=\"section\" data-e-type=\"section\">\n\t\t\t\t\t\t<div class=\"elementor-container elementor-column-gap-default\">\n\t\t\t\t\t<div class=\"elementor-column elementor-col-100 elementor-top-column elementor-element elementor-element-787bb24\" data-id=\"787bb24\" data-element_type=\"column\" data-e-type=\"column\">\n\t\t\t<div class=\"elementor-widget-wrap elementor-element-populated\">\n\t\t\t\t\t\t<div class=\"elementor-element elementor-element-92db490 elementor-widget elementor-widget-video\" data-id=\"92db490\" data-element_type=\"widget\" data-e-type=\"widget\" data-settings=\"{&quot;video_type&quot;:&quot;hosted&quot;,&quot;controls&quot;:&quot;yes&quot;}\" data-widget_type=\"video.default\">\n\t\t\t\t<div class=\"elementor-widget-container\">\n\t\t\t\t\t\t\t<div class=\"e-hosted-video elementor-wrapper elementor-open-inline\">\n\t\t\t\t\t<video class=\"elementor-video\" src=\"https:\/\/selloambientalcoa.org.ar\/wp-content\/uploads\/2025\/08\/Racing-Integrado.-Departamento-de-personas-con-discapacidad-de-Racing-Club.mp4\" controls=\"\" preload=\"metadata\" controlslist=\"nodownload\"><\/video>\n\t\t\t\t<\/div>\n\t\t\t\t\t\t<\/div>\n\t\t\t\t<\/div>\n\t\t\t\t\t<\/div>\n\t\t<\/div>\n\t\t\t\t\t<\/div>\n\t\t<\/section>\n\t\t\t\t<section class=\"elementor-section elementor-top-section elementor-element elementor-element-b628dec elementor-section-boxed elementor-section-height-default elementor-section-height-default\" data-id=\"b628dec\" data-element_type=\"section\" data-e-type=\"section\">\n\t\t\t\t\t\t<div class=\"elementor-container elementor-column-gap-default\">\n\t\t\t\t\t<div class=\"elementor-column elementor-col-100 elementor-top-column elementor-element elementor-element-a5b342a\" data-id=\"a5b342a\" data-element_type=\"column\" data-e-type=\"column\">\n\t\t\t<div class=\"elementor-widget-wrap elementor-element-populated\">\n\t\t\t\t\t\t<div class=\"elementor-element elementor-element-8790146 elementor-widget elementor-widget-text-editor\" data-id=\"8790146\" data-element_type=\"widget\" data-e-type=\"widget\" data-widget_type=\"text-editor.default\">\n\t\t\t\t<div class=\"elementor-widget-container\">\n\t\t\t\t\t\t\t\t\t<p><em>Racing Integrado. Departamento de personas con discapacidad de Racing Club<\/em><\/p>\t\t\t\t\t\t\t\t<\/div>\n\t\t\t\t<\/div>\n\t\t\t\t\t<\/div>\n\t\t<\/div>\n\t\t\t\t\t<\/div>\n\t\t<\/section>\n\t\t\t\t<section class=\"elementor-section elementor-top-section elementor-element elementor-element-c2d9580 elementor-section-boxed elementor-section-height-default elementor-section-height-default\" data-id=\"c2d9580\" data-element_type=\"section\" data-e-type=\"section\">\n\t\t\t\t\t\t<div class=\"elementor-container elementor-column-gap-default\">\n\t\t\t\t\t<div class=\"elementor-column elementor-col-100 elementor-top-column elementor-element elementor-element-08a9ba9\" data-id=\"08a9ba9\" data-element_type=\"column\" data-e-type=\"column\">\n\t\t\t<div class=\"elementor-widget-wrap elementor-element-populated\">\n\t\t\t\t\t\t<div class=\"elementor-element elementor-element-59052c0 elementor-widget elementor-widget-video\" data-id=\"59052c0\" data-element_type=\"widget\" data-e-type=\"widget\" data-settings=\"{&quot;video_type&quot;:&quot;hosted&quot;,&quot;controls&quot;:&quot;yes&quot;}\" data-widget_type=\"video.default\">\n\t\t\t\t<div class=\"elementor-widget-container\">\n\t\t\t\t\t\t\t<div class=\"e-hosted-video elementor-wrapper elementor-open-inline\">\n\t\t\t\t\t<video class=\"elementor-video\" src=\"https:\/\/selloambientalcoa.org.ar\/wp-content\/uploads\/2025\/08\/Fundacion-Mision-Deportiva-Escuela-Publica-Bartolome-Mitre.-San-Miguel-de-Tucuman.mp4\" controls=\"\" preload=\"metadata\" controlslist=\"nodownload\"><\/video>\n\t\t\t\t<\/div>\n\t\t\t\t\t\t<\/div>\n\t\t\t\t<\/div>\n\t\t\t\t\t<\/div>\n\t\t<\/div>\n\t\t\t\t\t<\/div>\n\t\t<\/section>\n\t\t\t\t<section class=\"elementor-section elementor-top-section elementor-element elementor-element-272ded9 elementor-section-boxed elementor-section-height-default elementor-section-height-default\" data-id=\"272ded9\" data-element_type=\"section\" data-e-type=\"section\">\n\t\t\t\t\t\t<div class=\"elementor-container elementor-column-gap-default\">\n\t\t\t\t\t<div class=\"elementor-column elementor-col-100 elementor-top-column elementor-element elementor-element-823e1f0\" data-id=\"823e1f0\" data-element_type=\"column\" data-e-type=\"column\">\n\t\t\t<div class=\"elementor-widget-wrap elementor-element-populated\">\n\t\t\t\t\t\t<div class=\"elementor-element elementor-element-f6df169 elementor-widget elementor-widget-text-editor\" data-id=\"f6df169\" data-element_type=\"widget\" data-e-type=\"widget\" data-widget_type=\"text-editor.default\">\n\t\t\t\t<div class=\"elementor-widget-container\">\n\t\t\t\t\t\t\t\t\t<p><em>Fundaci\u00f3n Misi\u00f3n Deportiva \u2013 Escuela P\u00fablica Bartolom\u00e9 Mitre, San Miguel de Tucum\u00e1n<\/em><\/p>\t\t\t\t\t\t\t\t<\/div>\n\t\t\t\t<\/div>\n\t\t\t\t\t<\/div>\n\t\t<\/div>\n\t\t\t\t\t<\/div>\n\t\t<\/section>\n\t\t\t\t<\/div>","protected":false},"excerpt":{"rendered":"<p>Desde distintos rincones de Argentina, ni\u00f1as y ni\u00f1os se suman con entusiasmo al programa\u00a0Guardianes del Planeta, compartiendo sus gestos cotidianos de cuidado ambiental y su compromiso con una sociedad m\u00e1s consciente, inclusiva y responsable. Te invitamos a conocer sus historias, sus promesas y sus aventuras. Porque cuando la infancia se convierte en protagonista del cambio, [&hellip;]<\/p>\n","protected":false},"author":17,"featured_media":0,"parent":0,"menu_order":0,"comment_status":"closed","ping_status":"closed","template":"","meta":{"_acf_changed":false,"footnotes":""},"class_list":["post-4227","page","type-page","status-publish","hentry"],"acf":[],"_links":{"self":[{"href":"https:\/\/selloambientalcoa.org.ar\/en\/wp-json\/wp\/v2\/pages\/4227","targetHints":{"allow":["GET"]}}],"collection":[{"href":"https:\/\/selloambientalcoa.org.ar\/en\/wp-json\/wp\/v2\/pages"}],"about":[{"href":"https:\/\/selloambientalcoa.org.ar\/en\/wp-json\/wp\/v2\/types\/page"}],"author":[{"embeddable":true,"href":"https:\/\/selloambientalcoa.org.ar\/en\/wp-json\/wp\/v2\/users\/17"}],"replies":[{"embeddable":true,"href":"https:\/\/selloambientalcoa.org.ar\/en\/wp-json\/wp\/v2\/comments?post=4227"}],"version-history":[{"count":4,"href":"https:\/\/selloambientalcoa.org.ar\/en\/wp-json\/wp\/v2\/pages\/4227\/revisions"}],"predecessor-version":[{"id":4231,"href":"https:\/\/selloambientalcoa.org.ar\/en\/wp-json\/wp\/v2\/pages\/4227\/revisions\/4231"}],"wp:attachment":[{"href":"https:\/\/selloambientalcoa.org.ar\/en\/wp-json\/wp\/v2\/media?parent=4227"}],"curies":[{"name":"wp","href":"https:\/\/api.w.org\/{rel}","templated":true}]}}