{"id":4191,"date":"2025-09-02T19:17:36","date_gmt":"2025-09-02T19:17:36","guid":{"rendered":"https:\/\/selloambientalcoa.org.ar\/?page_id=4191"},"modified":"2025-12-29T15:55:20","modified_gmt":"2025-12-29T15:55:20","slug":"capacitaciones-del-sello-ambiental-coa","status":"publish","type":"page","link":"https:\/\/selloambientalcoa.org.ar\/en\/capacitaciones-del-sello-ambiental-coa\/","title":{"rendered":"Capacitaciones del Sello Ambiental COA"},"content":{"rendered":"<div data-elementor-type=\"wp-page\" data-elementor-id=\"4191\" class=\"elementor elementor-4191\">\n\t\t\t\t\t\t<section class=\"elementor-section elementor-top-section elementor-element elementor-element-3df99a2 elementor-section-boxed elementor-section-height-default elementor-section-height-default\" data-id=\"3df99a2\" data-element_type=\"section\" data-e-type=\"section\">\n\t\t\t\t\t\t<div class=\"elementor-container elementor-column-gap-default\">\n\t\t\t\t\t<div class=\"elementor-column elementor-col-100 elementor-top-column elementor-element elementor-element-3944e42\" data-id=\"3944e42\" data-element_type=\"column\" data-e-type=\"column\">\n\t\t\t<div class=\"elementor-widget-wrap elementor-element-populated\">\n\t\t\t\t\t\t<div class=\"elementor-element elementor-element-fc9a5da elementor-widget elementor-widget-text-editor\" data-id=\"fc9a5da\" data-element_type=\"widget\" data-e-type=\"widget\" data-widget_type=\"text-editor.default\">\n\t\t\t\t<div class=\"elementor-widget-container\">\n\t\t\t\t\t\t\t\t\t<p>Desde la <strong data-start=\"198\" data-end=\"236\">Comisi\u00f3n de Sostenibilidad del COA<\/strong> impulsamos espacios de formaci\u00f3n virtual destinados a <strong data-start=\"291\" data-end=\"382\">dirigentes, integrantes y referentes de federaciones, clubes e instituciones deportivas<\/strong>. En cada encuentro trabajamos sobre distintos ejes de las <strong data-start=\"443\" data-end=\"498\">buenas pr\u00e1cticas ambientales en el \u00e1mbito deportivo<\/strong>, promoviendo un modelo de gesti\u00f3n m\u00e1s responsable y sostenible.\u00a0<\/p><p><strong data-start=\"569\" data-end=\"601\">Ciclo de Capacitaciones 2025 &#8211; 4ta edici\u00f3n<\/strong><\/p>\t\t\t\t\t\t\t\t<\/div>\n\t\t\t\t<\/div>\n\t\t\t\t<div class=\"elementor-element elementor-element-872dfb9 elementor-widget elementor-widget-image\" data-id=\"872dfb9\" data-element_type=\"widget\" data-e-type=\"widget\" data-widget_type=\"image.default\">\n\t\t\t\t<div class=\"elementor-widget-container\">\n\t\t\t\t\t\t\t\t\t\t\t\t\t\t\t<img decoding=\"async\" src=\"https:\/\/selloambientalcoa.org.ar\/wp-content\/uploads\/elementor\/thumbs\/8df582fc-6031-4e9b-b250-7dcce9022770-rb9pafzo5kuyqbbl1j4nbgc0e9qvs5ia57tie1akpk.jpg\" title=\"8df582fc-6031-4e9b-b250-7dcce9022770\" alt=\"8df582fc-6031-4e9b-b250-7dcce9022770\" loading=\"lazy\" \/>\t\t\t\t\t\t\t\t\t\t\t\t\t\t\t<\/div>\n\t\t\t\t<\/div>\n\t\t\t\t\t<\/div>\n\t\t<\/div>\n\t\t\t\t\t<\/div>\n\t\t<\/section>\n\t\t\t\t<section class=\"elementor-section elementor-top-section elementor-element elementor-element-83b933e elementor-section-boxed elementor-section-height-default elementor-section-height-default\" data-id=\"83b933e\" data-element_type=\"section\" data-e-type=\"section\">\n\t\t\t\t\t\t<div class=\"elementor-container elementor-column-gap-default\">\n\t\t\t\t\t<div class=\"elementor-column elementor-col-100 elementor-top-column elementor-element elementor-element-9fdd2c0\" data-id=\"9fdd2c0\" data-element_type=\"column\" data-e-type=\"column\">\n\t\t\t<div class=\"elementor-widget-wrap\">\n\t\t\t\t\t\t\t<\/div>\n\t\t<\/div>\n\t\t\t\t\t<\/div>\n\t\t<\/section>\n\t\t\t\t<\/div>","protected":false},"excerpt":{"rendered":"<p>Desde la Comisi\u00f3n de Sostenibilidad del COA impulsamos espacios de formaci\u00f3n virtual destinados a dirigentes, integrantes y referentes de federaciones, clubes e instituciones deportivas. En cada encuentro trabajamos sobre distintos ejes de las buenas pr\u00e1cticas ambientales en el \u00e1mbito deportivo, promoviendo un modelo de gesti\u00f3n m\u00e1s responsable y sostenible.\u00a0 Ciclo de Capacitaciones 2025 &#8211; 4ta [&hellip;]<\/p>\n","protected":false},"author":17,"featured_media":0,"parent":0,"menu_order":0,"comment_status":"closed","ping_status":"closed","template":"","meta":{"_acf_changed":false,"footnotes":""},"class_list":["post-4191","page","type-page","status-publish","hentry"],"acf":[],"_links":{"self":[{"href":"https:\/\/selloambientalcoa.org.ar\/en\/wp-json\/wp\/v2\/pages\/4191","targetHints":{"allow":["GET"]}}],"collection":[{"href":"https:\/\/selloambientalcoa.org.ar\/en\/wp-json\/wp\/v2\/pages"}],"about":[{"href":"https:\/\/selloambientalcoa.org.ar\/en\/wp-json\/wp\/v2\/types\/page"}],"author":[{"embeddable":true,"href":"https:\/\/selloambientalcoa.org.ar\/en\/wp-json\/wp\/v2\/users\/17"}],"replies":[{"embeddable":true,"href":"https:\/\/selloambientalcoa.org.ar\/en\/wp-json\/wp\/v2\/comments?post=4191"}],"version-history":[{"count":19,"href":"https:\/\/selloambientalcoa.org.ar\/en\/wp-json\/wp\/v2\/pages\/4191\/revisions"}],"predecessor-version":[{"id":4346,"href":"https:\/\/selloambientalcoa.org.ar\/en\/wp-json\/wp\/v2\/pages\/4191\/revisions\/4346"}],"wp:attachment":[{"href":"https:\/\/selloambientalcoa.org.ar\/en\/wp-json\/wp\/v2\/media?parent=4191"}],"curies":[{"name":"wp","href":"https:\/\/api.w.org\/{rel}","templated":true}]}}