{"id":4158,"date":"2025-08-28T10:17:18","date_gmt":"2025-08-28T10:17:18","guid":{"rendered":"https:\/\/selloambientalcoa.org.ar\/?page_id=4158"},"modified":"2025-12-29T15:53:06","modified_gmt":"2025-12-29T15:53:06","slug":"formulario-de-adhesion-programa-guardianes-del-planeta-coa","status":"publish","type":"page","link":"https:\/\/selloambientalcoa.org.ar\/en\/formulario-de-adhesion-programa-guardianes-del-planeta-coa\/","title":{"rendered":"Formulario de adhesi\u00f3n Programa &#8220;Guardianes del Planeta COA&#8221;"},"content":{"rendered":"<div data-elementor-type=\"wp-page\" data-elementor-id=\"4158\" class=\"elementor elementor-4158\">\n\t\t\t\t\t\t<section class=\"elementor-section elementor-top-section elementor-element elementor-element-e940c50 elementor-section-boxed elementor-section-height-default elementor-section-height-default\" data-id=\"e940c50\" data-element_type=\"section\" data-e-type=\"section\">\n\t\t\t\t\t\t<div class=\"elementor-container elementor-column-gap-default\">\n\t\t\t\t\t<div class=\"elementor-column elementor-col-100 elementor-top-column elementor-element elementor-element-7f85949\" data-id=\"7f85949\" data-element_type=\"column\" data-e-type=\"column\">\n\t\t\t<div class=\"elementor-widget-wrap elementor-element-populated\">\n\t\t\t\t\t\t<div class=\"elementor-element elementor-element-59ec9c6 elementor-widget elementor-widget-text-editor\" data-id=\"59ec9c6\" data-element_type=\"widget\" data-e-type=\"widget\" data-widget_type=\"text-editor.default\">\n\t\t\t\t<div class=\"elementor-widget-container\">\n\t\t\t\t\t\t\t\t\t<p><b><span style=\"color: #333333;\">Completa el formulario de adhesi\u00f3n y adjunta las autorizaciones de uso de imagen, cuyos modelos pod\u00e9s descargar aqu\u00ed:<\/span>\u00a0<\/b><\/p>\t\t\t\t\t\t\t\t<\/div>\n\t\t\t\t<\/div>\n\t\t\t\t\t<\/div>\n\t\t<\/div>\n\t\t\t\t\t<\/div>\n\t\t<\/section>\n\t\t\t\t<section class=\"elementor-section elementor-top-section elementor-element elementor-element-8f548f8 elementor-section-boxed elementor-section-height-default elementor-section-height-default\" data-id=\"8f548f8\" data-element_type=\"section\" data-e-type=\"section\">\n\t\t\t\t\t\t<div class=\"elementor-container elementor-column-gap-default\">\n\t\t\t\t\t<div class=\"elementor-column elementor-col-100 elementor-top-column elementor-element elementor-element-f7a23c5\" data-id=\"f7a23c5\" data-element_type=\"column\" data-e-type=\"column\">\n\t\t\t<div class=\"elementor-widget-wrap elementor-element-populated\">\n\t\t\t\t\t\t<div class=\"elementor-element elementor-element-e2d3af5 elementor-widget__width-initial e-transform elementor-view-default elementor-widget elementor-widget-icon\" data-id=\"e2d3af5\" data-element_type=\"widget\" data-e-type=\"widget\" data-settings=\"{&quot;_transform_scale_effect_hover&quot;:{&quot;unit&quot;:&quot;px&quot;,&quot;size&quot;:1.2,&quot;sizes&quot;:[]},&quot;_transform_scale_effect_hover_tablet&quot;:{&quot;unit&quot;:&quot;px&quot;,&quot;size&quot;:&quot;&quot;,&quot;sizes&quot;:[]},&quot;_transform_scale_effect_hover_mobile&quot;:{&quot;unit&quot;:&quot;px&quot;,&quot;size&quot;:&quot;&quot;,&quot;sizes&quot;:[]}}\" data-widget_type=\"icon.default\">\n\t\t\t\t<div class=\"elementor-widget-container\">\n\t\t\t\t\t\t\t<div class=\"elementor-icon-wrapper\">\n\t\t\t<a class=\"elementor-icon\" href=\"https:\/\/selloambientalcoa.org.ar\/wp-content\/uploads\/2025\/08\/DOCUMENTO-1-Autorizacion-individual-para-padres.docx\">\n\t\t\t<i aria-hidden=\"true\" class=\"fas fa-file-word\"><\/i>\t\t\t<\/a>\n\t\t<\/div>\n\t\t\t\t\t\t<\/div>\n\t\t\t\t<\/div>\n\t\t\t\t<div class=\"elementor-element elementor-element-fb7bb16 elementor-widget__width-initial e-transform elementor-view-default elementor-widget elementor-widget-icon\" data-id=\"fb7bb16\" data-element_type=\"widget\" data-e-type=\"widget\" data-settings=\"{&quot;_transform_scale_effect_hover&quot;:{&quot;unit&quot;:&quot;px&quot;,&quot;size&quot;:1.2,&quot;sizes&quot;:[]},&quot;_transform_scale_effect_hover_tablet&quot;:{&quot;unit&quot;:&quot;px&quot;,&quot;size&quot;:&quot;&quot;,&quot;sizes&quot;:[]},&quot;_transform_scale_effect_hover_mobile&quot;:{&quot;unit&quot;:&quot;px&quot;,&quot;size&quot;:&quot;&quot;,&quot;sizes&quot;:[]}}\" data-widget_type=\"icon.default\">\n\t\t\t\t<div class=\"elementor-widget-container\">\n\t\t\t\t\t\t\t<div class=\"elementor-icon-wrapper\">\n\t\t\t<a class=\"elementor-icon\" href=\"https:\/\/selloambientalcoa.org.ar\/wp-content\/uploads\/2025\/08\/DOCUMENTO-2-Planilla-general-_Guardianes-del-planeta-COA_.docx\">\n\t\t\t<i aria-hidden=\"true\" class=\"far fa-file-word\"><\/i>\t\t\t<\/a>\n\t\t<\/div>\n\t\t\t\t\t\t<\/div>\n\t\t\t\t<\/div>\n\t\t\t\t<div class=\"elementor-element elementor-element-25c00ff elementor-widget__width-initial e-transform elementor-view-default elementor-widget elementor-widget-icon\" data-id=\"25c00ff\" data-element_type=\"widget\" data-e-type=\"widget\" data-settings=\"{&quot;_transform_scale_effect_hover&quot;:{&quot;unit&quot;:&quot;px&quot;,&quot;size&quot;:1.2,&quot;sizes&quot;:[]},&quot;_transform_scale_effect_hover_tablet&quot;:{&quot;unit&quot;:&quot;px&quot;,&quot;size&quot;:&quot;&quot;,&quot;sizes&quot;:[]},&quot;_transform_scale_effect_hover_mobile&quot;:{&quot;unit&quot;:&quot;px&quot;,&quot;size&quot;:&quot;&quot;,&quot;sizes&quot;:[]}}\" data-widget_type=\"icon.default\">\n\t\t\t\t<div class=\"elementor-widget-container\">\n\t\t\t\t\t\t\t<div class=\"elementor-icon-wrapper\">\n\t\t\t<a class=\"elementor-icon\" href=\"https:\/\/selloambientalcoa.org.ar\/wp-content\/uploads\/2025\/08\/DOCUMENTO-3-Autorizacion-general-_Guardianes-del-planeta-COA_.docx\">\n\t\t\t<i aria-hidden=\"true\" class=\"fas fa-file-word\"><\/i>\t\t\t<\/a>\n\t\t<\/div>\n\t\t\t\t\t\t<\/div>\n\t\t\t\t<\/div>\n\t\t\t\t<div class=\"elementor-element elementor-element-52d1c96 elementor-widget__width-initial elementor-widget elementor-widget-heading\" data-id=\"52d1c96\" data-element_type=\"widget\" data-e-type=\"widget\" data-widget_type=\"heading.default\">\n\t\t\t\t<div class=\"elementor-widget-container\">\n\t\t\t\t\t<h3 class=\"elementor-heading-title elementor-size-default\">Autorizaci\u00f3n para padres<\/h3>\t\t\t\t<\/div>\n\t\t\t\t<\/div>\n\t\t\t\t<div class=\"elementor-element elementor-element-11ccb46 elementor-widget__width-initial elementor-widget elementor-widget-heading\" data-id=\"11ccb46\" data-element_type=\"widget\" data-e-type=\"widget\" data-widget_type=\"heading.default\">\n\t\t\t\t<div class=\"elementor-widget-container\">\n\t\t\t\t\t<h3 class=\"elementor-heading-title elementor-size-default\">Planilla general - Guardianes del planeta COA<\/h3>\t\t\t\t<\/div>\n\t\t\t\t<\/div>\n\t\t\t\t<div class=\"elementor-element elementor-element-bd0c4b7 elementor-widget__width-initial elementor-widget elementor-widget-heading\" data-id=\"bd0c4b7\" data-element_type=\"widget\" data-e-type=\"widget\" data-widget_type=\"heading.default\">\n\t\t\t\t<div class=\"elementor-widget-container\">\n\t\t\t\t\t<h3 class=\"elementor-heading-title elementor-size-default\">Autorizaci\u00f3n general - Guardianes del planeta COA<\/h3>\t\t\t\t<\/div>\n\t\t\t\t<\/div>\n\t\t\t\t\t<\/div>\n\t\t<\/div>\n\t\t\t\t\t<\/div>\n\t\t<\/section>\n\t\t\t\t<section class=\"elementor-section elementor-top-section elementor-element elementor-element-bf3246b elementor-section-boxed elementor-section-height-default elementor-section-height-default\" data-id=\"bf3246b\" data-element_type=\"section\" data-e-type=\"section\">\n\t\t\t\t\t\t<div class=\"elementor-container elementor-column-gap-default\">\n\t\t\t\t\t<div class=\"elementor-column elementor-col-100 elementor-top-column elementor-element elementor-element-a1f4d4f\" data-id=\"a1f4d4f\" data-element_type=\"column\" data-e-type=\"column\">\n\t\t\t<div class=\"elementor-widget-wrap elementor-element-populated\">\n\t\t\t\t\t\t<div class=\"elementor-element elementor-element-f1d3083 elementor-widget elementor-widget-shortcode\" data-id=\"f1d3083\" data-element_type=\"widget\" data-e-type=\"widget\" data-widget_type=\"shortcode.default\">\n\t\t\t\t<div class=\"elementor-widget-container\">\n\t\t\t\t\t\t\t<div class=\"elementor-shortcode\">\n<div class=\"wpcf7 no-js\" id=\"wpcf7-f4110-o1\" lang=\"es-AR\" dir=\"ltr\" data-wpcf7-id=\"4110\">\n<div class=\"screen-reader-response\"><p role=\"status\" aria-live=\"polite\" aria-atomic=\"true\"><\/p> <ul><\/ul><\/div>\n<form action=\"\/en\/wp-json\/wp\/v2\/pages\/4158#wpcf7-f4110-o1\" method=\"post\" class=\"wpcf7-form init\" aria-label=\"Formulario de contacto\" enctype=\"multipart\/form-data\" novalidate=\"novalidate\" data-status=\"init\" data-trp-original-action=\"\/en\/wp-json\/wp\/v2\/pages\/4158#wpcf7-f4110-o1\">\n<fieldset class=\"hidden-fields-container\"><input type=\"hidden\" name=\"_wpcf7\" value=\"4110\" \/><input type=\"hidden\" name=\"_wpcf7_version\" value=\"6.1.5\" \/><input type=\"hidden\" name=\"_wpcf7_locale\" value=\"es_AR\" \/><input type=\"hidden\" name=\"_wpcf7_unit_tag\" value=\"wpcf7-f4110-o1\" \/><input type=\"hidden\" name=\"_wpcf7_container_post\" value=\"0\" \/><input type=\"hidden\" name=\"_wpcf7_posted_data_hash\" value=\"\" \/>\n<\/fieldset>\n<fieldset>\n  <legend>Datos institucionales<\/legend>\n\n  Nombre de la Instituci\u00f3n\n  <span class=\"wpcf7-form-control-wrap\" data-name=\"text-256\"><input size=\"40\" maxlength=\"400\" class=\"wpcf7-form-control wpcf7-text wpcf7-validates-as-required\" aria-required=\"true\" aria-invalid=\"false\" placeholder=\"\" value=\"\" type=\"text\" name=\"text-256\" \/><\/span>\n\n  Tipo de instituci\u00f3n (colegio, club, sociedad de fomento, etc)\n  <span class=\"wpcf7-form-control-wrap\" data-name=\"text-884\"><input size=\"40\" maxlength=\"400\" class=\"wpcf7-form-control wpcf7-text wpcf7-validates-as-required\" aria-required=\"true\" aria-invalid=\"false\" value=\"\" type=\"text\" name=\"text-884\" \/><\/span>\n<\/fieldset>\n\nDeporte\/s que se practican\n<span class=\"wpcf7-form-control-wrap\" data-name=\"text-84\"><input size=\"40\" maxlength=\"400\" class=\"wpcf7-form-control wpcf7-text wpcf7-validates-as-required\" aria-required=\"true\" aria-invalid=\"false\" value=\"\" type=\"text\" name=\"text-84\" \/><\/span>\n\nCantidad de socios \/ estudiantes aproximada\n<span class=\"wpcf7-form-control-wrap\" data-name=\"number-236\"><input class=\"wpcf7-form-control wpcf7-number wpcf7-validates-as-required wpcf7-validates-as-number\" aria-required=\"true\" aria-invalid=\"false\" value=\"\" type=\"number\" name=\"number-236\" \/><\/span>\n\nLocalidad y Provincia\n<span class=\"wpcf7-form-control-wrap\" data-name=\"text-32\"><input size=\"40\" maxlength=\"400\" class=\"wpcf7-form-control wpcf7-text wpcf7-validates-as-required\" aria-required=\"true\" aria-invalid=\"false\" value=\"\" type=\"text\" name=\"text-32\" \/><\/span>\n\nDirecci\u00f3n\n<span class=\"wpcf7-form-control-wrap\" data-name=\"text-962\"><input size=\"40\" maxlength=\"400\" class=\"wpcf7-form-control wpcf7-text wpcf7-validates-as-required\" aria-required=\"true\" aria-invalid=\"false\" value=\"\" type=\"text\" name=\"text-962\" \/><\/span>\n\nNombre y Apellido del responsable designado\n<span class=\"wpcf7-form-control-wrap\" data-name=\"text-818\"><input size=\"40\" maxlength=\"400\" class=\"wpcf7-form-control wpcf7-text wpcf7-validates-as-required\" aria-required=\"true\" aria-invalid=\"false\" value=\"\" type=\"text\" name=\"text-818\" \/><\/span>\n\nTel\u00e9fono de contacto\n<span class=\"wpcf7-form-control-wrap\" data-name=\"tel-576\"><input size=\"40\" maxlength=\"400\" class=\"wpcf7-form-control wpcf7-tel wpcf7-validates-as-required wpcf7-text wpcf7-validates-as-tel\" aria-required=\"true\" aria-invalid=\"false\" value=\"\" type=\"tel\" name=\"tel-576\" \/><\/span>\n\nCorreo electr\u00f3nico de contacto\n<span class=\"wpcf7-form-control-wrap\" data-name=\"email-402\"><input size=\"40\" maxlength=\"400\" class=\"wpcf7-form-control wpcf7-email wpcf7-validates-as-required wpcf7-text wpcf7-validates-as-email\" aria-required=\"true\" aria-invalid=\"false\" value=\"\" type=\"email\" name=\"email-402\" \/><\/span>\n\nCuenta de Instagram institucional (@...)\n<span class=\"wpcf7-form-control-wrap\" data-name=\"text-941\"><input size=\"40\" maxlength=\"400\" class=\"wpcf7-form-control wpcf7-text wpcf7-validates-as-required\" aria-required=\"true\" aria-invalid=\"false\" value=\"\" type=\"text\" name=\"text-941\" \/><\/span>\n\n\nProyecto de sostenibilidad\n\nDescribir brevemente la acci\u00f3n o proyecto a difundir\n<span class=\"wpcf7-form-control-wrap\" data-name=\"text-482\"><input size=\"40\" maxlength=\"400\" class=\"wpcf7-form-control wpcf7-text wpcf7-validates-as-required\" aria-required=\"true\" aria-invalid=\"false\" value=\"\" type=\"text\" name=\"text-482\" \/><\/span>\n\n\u00bfTienen plan de sostenibilidad?\n<span class=\"wpcf7-form-control-wrap\" data-name=\"select-226\"><select class=\"wpcf7-form-control wpcf7-select wpcf7-validates-as-required\" aria-required=\"true\" aria-invalid=\"false\" name=\"select-226\"><option value=\"SI\">SI<\/option><option value=\"NO\">NO<\/option><\/select><\/span>\n\n\u00bfLes gustar\u00eda formar parte de nuestro ciclo de capacitaciones y formaci\u00f3n sobre \u201cBuenas pr\u00e1cticas ambientales\u201d?\n<span class=\"wpcf7-form-control-wrap\" data-name=\"select-414\"><select class=\"wpcf7-form-control wpcf7-select wpcf7-validates-as-required\" aria-required=\"true\" aria-invalid=\"false\" name=\"select-414\"><option value=\"SI\">SI<\/option><option value=\"NO\">NO<\/option><\/select><\/span>\n\n\nAutorizaciones<br>\n\nAutorizaci\u00f3n individual de cada participante (Cargar todas las autorizaciones individuales en un solo archivo PDF)\n<span class=\"wpcf7-form-control-wrap\" data-name=\"file-932\"><input size=\"40\" class=\"wpcf7-form-control wpcf7-file wpcf7-validates-as-required\" accept=\".pdf\" aria-required=\"true\" aria-invalid=\"false\" type=\"file\" name=\"file-932\" \/><\/span>\n\nPlanilla con los nombres y apellidos de los participantes del Programa \u201cGuardianes del Planeta COA\u201d, adultos y menores, con DNI, y firma del referente y del responsable de la instituci\u00f3n.\n<span class=\"wpcf7-form-control-wrap\" data-name=\"file-974\"><input size=\"40\" class=\"wpcf7-form-control wpcf7-file wpcf7-validates-as-required\" accept=\".pdf,.doc,.docx\" aria-required=\"true\" aria-invalid=\"false\" type=\"file\" name=\"file-974\" \/><\/span>\n\nAutorizaci\u00f3n general\/NOTA institucional\n<span class=\"wpcf7-form-control-wrap\" data-name=\"file-315\"><input size=\"40\" class=\"wpcf7-form-control wpcf7-file wpcf7-validates-as-required\" accept=\".pdf,.doc,.docx\" aria-required=\"true\" aria-invalid=\"false\" type=\"file\" name=\"file-315\" \/><\/span>\n\n\n<input class=\"wpcf7-form-control wpcf7-submit has-spinner\" type=\"submit\" value=\"Enviar\" \/><div class=\"wpcf7-response-output\" aria-hidden=\"true\"><\/div>\n<input type=\"hidden\" name=\"trp-form-language\" value=\"en\"\/><\/form>\n<\/div>\n<\/div>\n\t\t\t\t\t\t<\/div>\n\t\t\t\t<\/div>\n\t\t\t\t\t<\/div>\n\t\t<\/div>\n\t\t\t\t\t<\/div>\n\t\t<\/section>\n\t\t\t\t<\/div>","protected":false},"excerpt":{"rendered":"<p>Completa el formulario de adhesi\u00f3n y adjunta las autorizaciones de uso de imagen, cuyos modelos pod\u00e9s descargar aqu\u00ed:\u00a0 Autorizaci\u00f3n para padres Planilla general &#8211; Guardianes del planeta COA Autorizaci\u00f3n general &#8211; Guardianes del planeta COA<\/p>","protected":false},"author":17,"featured_media":0,"parent":0,"menu_order":0,"comment_status":"closed","ping_status":"closed","template":"","meta":{"_acf_changed":false,"footnotes":""},"class_list":["post-4158","page","type-page","status-publish","hentry"],"acf":[],"_links":{"self":[{"href":"https:\/\/selloambientalcoa.org.ar\/en\/wp-json\/wp\/v2\/pages\/4158","targetHints":{"allow":["GET"]}}],"collection":[{"href":"https:\/\/selloambientalcoa.org.ar\/en\/wp-json\/wp\/v2\/pages"}],"about":[{"href":"https:\/\/selloambientalcoa.org.ar\/en\/wp-json\/wp\/v2\/types\/page"}],"author":[{"embeddable":true,"href":"https:\/\/selloambientalcoa.org.ar\/en\/wp-json\/wp\/v2\/users\/17"}],"replies":[{"embeddable":true,"href":"https:\/\/selloambientalcoa.org.ar\/en\/wp-json\/wp\/v2\/comments?post=4158"}],"version-history":[{"count":40,"href":"https:\/\/selloambientalcoa.org.ar\/en\/wp-json\/wp\/v2\/pages\/4158\/revisions"}],"predecessor-version":[{"id":4340,"href":"https:\/\/selloambientalcoa.org.ar\/en\/wp-json\/wp\/v2\/pages\/4158\/revisions\/4340"}],"wp:attachment":[{"href":"https:\/\/selloambientalcoa.org.ar\/en\/wp-json\/wp\/v2\/media?parent=4158"}],"curies":[{"name":"wp","href":"https:\/\/api.w.org\/{rel}","templated":true}]}}