{"id":27,"date":"2022-12-19T02:30:10","date_gmt":"2022-12-19T02:30:10","guid":{"rendered":"https:\/\/gaviaspreview.com\/wp\/gowilds\/?page_id=27"},"modified":"2025-09-03T23:07:57","modified_gmt":"2025-09-03T23:07:57","slug":"guardianes-del-planeta","status":"publish","type":"page","link":"https:\/\/selloambientalcoa.org.ar\/en\/guardianes-del-planeta\/","title":{"rendered":"Guardianes del Planeta COA"},"content":{"rendered":"<div data-elementor-type=\"wp-page\" data-elementor-id=\"27\" class=\"elementor elementor-27\">\n\t\t\t\t\t\t<section class=\"elementor-section elementor-top-section elementor-element elementor-element-15c24e5 elementor-section-full_width elementor-section-height-default elementor-section-height-default\" data-id=\"15c24e5\" data-element_type=\"section\" data-e-type=\"section\">\n\t\t\t\t\t\t<div class=\"elementor-container elementor-column-gap-default\">\n\t\t\t\t\t<div class=\"elementor-column elementor-col-100 elementor-top-column elementor-element elementor-element-5072785\" data-id=\"5072785\" data-element_type=\"column\" data-e-type=\"column\">\n\t\t\t<div class=\"elementor-widget-wrap elementor-element-populated\">\n\t\t\t\t\t\t<div class=\"elementor-element elementor-element-c198af0 elementor-widget elementor-widget-gva_post_breadcrumb\" data-id=\"c198af0\" data-element_type=\"widget\" data-e-type=\"widget\" data-widget_type=\"gva_post_breadcrumb.default\">\n\t\t\t\t<div class=\"elementor-widget-container\">\n\t\t\t\t\t<div class=\"gva-element-gva_post_breadcrumb gva-element\">   \r\n<div class=\"post-breadcrumb\">\r\n   <div class=\"custom-breadcrumb\" >\r\n            <div class=\"breadcrumb-main\">\r\n        <div class=\"container\">\r\n          <div class=\"breadcrumb-container-inner\">\r\n            <h2 class=\"heading-title\">Guardianes del Planeta COA<\/h2><ol class=\"breadcrumb\"><li><a href=\"https:\/\/selloambientalcoa.org.ar\/en\">Home<\/a> <\/li> <li class=\"active\">Page<\/li><\/ol>          <\/div>  \r\n        <\/div>   \r\n      <\/div>  \r\n   <\/div>\r\n<\/div>      \r\n\r\n<\/div>\t\t\t\t<\/div>\n\t\t\t\t<\/div>\n\t\t\t\t\t<\/div>\n\t\t<\/div>\n\t\t\t\t\t<\/div>\n\t\t<\/section>\n\t\t\t\t<section class=\"elementor-section elementor-top-section elementor-element elementor-element-aeaa3c9 elementor-section-boxed elementor-section-height-default elementor-section-height-default\" data-id=\"aeaa3c9\" data-element_type=\"section\" data-e-type=\"section\">\n\t\t\t\t\t\t<div class=\"elementor-container elementor-column-gap-default\">\n\t\t\t\t\t<div class=\"elementor-column elementor-col-100 elementor-top-column elementor-element elementor-element-9073b26\" data-id=\"9073b26\" data-element_type=\"column\" data-e-type=\"column\">\n\t\t\t<div class=\"elementor-widget-wrap elementor-element-populated\">\n\t\t\t\t\t\t<div class=\"elementor-element elementor-element-18584c4 elementor-widget elementor-widget-text-editor\" data-id=\"18584c4\" data-element_type=\"widget\" data-e-type=\"widget\" data-widget_type=\"text-editor.default\">\n\t\t\t\t<div class=\"elementor-widget-container\">\n\t\t\t\t\t\t\t\t\t<p style=\"text-align: center;\"><strong data-start=\"74\" data-end=\"104\">Guardianes del Planeta COA<\/strong>\u00a0es una iniciativa del Comit\u00e9 Ol\u00edmpico Argentino que, desde fines de 2020, promueve la educaci\u00f3n ambiental y el desarrollo sostenible a trav\u00e9s de una alianza con instituciones educativas y deportivas. Convoca a estudiantes y deportistas, a protagonizar acciones concretas de cuidado del ambiente como el reciclaje, la plantaci\u00f3n de \u00e1rboles, la separaci\u00f3n de residuos o la creaci\u00f3n de huertas. Estos proyectos se comparten en redes sociales en colaboraci\u00f3n con las instituciones participantes, lo cual es un pilar fundamental del programa: permite visibilizar las acciones, amplificar su impacto e inspirar a m\u00e1s j\u00f3venes a sumarse al movimiento. La propuesta fomenta valores como el respeto, la amistad y el compromiso, fortaleciendo una red colaborativa que apuesta por una ciudadan\u00eda consciente, solidaria y activa en la construcci\u00f3n de un futuro sostenible.<\/p>\t\t\t\t\t\t\t\t<\/div>\n\t\t\t\t<\/div>\n\t\t\t\t\t<\/div>\n\t\t<\/div>\n\t\t\t\t\t<\/div>\n\t\t<\/section>\n\t\t\t\t<section class=\"elementor-section elementor-top-section elementor-element elementor-element-fd3da82 elementor-section-content-top elementor-section-boxed elementor-section-height-default elementor-section-height-default\" data-id=\"fd3da82\" data-element_type=\"section\" data-e-type=\"section\">\n\t\t\t\t\t\t<div class=\"elementor-container elementor-column-gap-default\">\n\t\t\t\t\t<div class=\"elementor-column elementor-col-33 elementor-top-column elementor-element elementor-element-b8b6af6\" data-id=\"b8b6af6\" data-element_type=\"column\" data-e-type=\"column\">\n\t\t\t<div class=\"elementor-widget-wrap elementor-element-populated\">\n\t\t\t\t\t\t<div class=\"elementor-element elementor-element-dc96c5b elementor-position-left elementor-vertical-align-middle elementor-widget elementor-widget-image-box\" data-id=\"dc96c5b\" data-element_type=\"widget\" data-e-type=\"widget\" data-widget_type=\"image-box.default\">\n\t\t\t\t<div class=\"elementor-widget-container\">\n\t\t\t\t\t<div class=\"elementor-image-box-wrapper\"><figure class=\"elementor-image-box-img\"><a href=\"https:\/\/selloambientalcoa.org.ar\/en\/programa-guardianes-del-planeta-coa\/\" tabindex=\"-1\"><img fetchpriority=\"high\" decoding=\"async\" width=\"661\" height=\"935\" src=\"https:\/\/selloambientalcoa.org.ar\/wp-content\/uploads\/2025\/09\/63bb5aa3-2849-4dd7-b17a-d75827899bed.jpg\" class=\"attachment-full size-full wp-image-4218\" alt=\"\" srcset=\"https:\/\/selloambientalcoa.org.ar\/wp-content\/uploads\/2025\/09\/63bb5aa3-2849-4dd7-b17a-d75827899bed.jpg 661w, https:\/\/selloambientalcoa.org.ar\/wp-content\/uploads\/2025\/09\/63bb5aa3-2849-4dd7-b17a-d75827899bed-8x12.jpg 8w\" sizes=\"(max-width: 661px) 100vw, 661px\" \/><\/a><\/figure><div class=\"elementor-image-box-content\"><h3 class=\"elementor-image-box-title\"><a href=\"https:\/\/selloambientalcoa.org.ar\/en\/programa-guardianes-del-planeta-coa\/\">Programa Guardianes del Planeta COA<\/a><\/h3><p class=\"elementor-image-box-description\">Ingres\u00e1 y enterate sobre el Programa y c\u00f3mo pod\u00e9s formar parte<\/p><\/div><\/div>\t\t\t\t<\/div>\n\t\t\t\t<\/div>\n\t\t\t\t\t<\/div>\n\t\t<\/div>\n\t\t\t\t<div class=\"elementor-column elementor-col-33 elementor-top-column elementor-element elementor-element-4ce1211\" data-id=\"4ce1211\" data-element_type=\"column\" data-e-type=\"column\">\n\t\t\t<div class=\"elementor-widget-wrap elementor-element-populated\">\n\t\t\t\t\t\t<div class=\"elementor-element elementor-element-c474522 elementor-position-left elementor-vertical-align-top elementor-widget elementor-widget-image-box\" data-id=\"c474522\" data-element_type=\"widget\" data-e-type=\"widget\" data-widget_type=\"image-box.default\">\n\t\t\t\t<div class=\"elementor-widget-container\">\n\t\t\t\t\t<div class=\"elementor-image-box-wrapper\"><figure class=\"elementor-image-box-img\"><a href=\"https:\/\/selloambientalcoa.org.ar\/en\/nuestros-guardianes\/\" tabindex=\"-1\"><img decoding=\"async\" width=\"1920\" height=\"1283\" src=\"https:\/\/selloambientalcoa.org.ar\/wp-content\/uploads\/2025\/05\/paris-france-18-may-2024-little-boys-sport-fa-2025-03-08-18-22-44-utc-scaled.webp\" class=\"attachment-full size-full wp-image-3006\" alt=\"\" srcset=\"https:\/\/selloambientalcoa.org.ar\/wp-content\/uploads\/2025\/05\/paris-france-18-may-2024-little-boys-sport-fa-2025-03-08-18-22-44-utc-scaled.webp 1920w, https:\/\/selloambientalcoa.org.ar\/wp-content\/uploads\/2025\/05\/paris-france-18-may-2024-little-boys-sport-fa-2025-03-08-18-22-44-utc-1024x684.webp 1024w, https:\/\/selloambientalcoa.org.ar\/wp-content\/uploads\/2025\/05\/paris-france-18-may-2024-little-boys-sport-fa-2025-03-08-18-22-44-utc-768x513.webp 768w\" sizes=\"(max-width: 1920px) 100vw, 1920px\" \/><\/a><\/figure><div class=\"elementor-image-box-content\"><h3 class=\"elementor-image-box-title\"><a href=\"https:\/\/selloambientalcoa.org.ar\/en\/nuestros-guardianes\/\">Nuestros Guardianes<\/a><\/h3><p class=\"elementor-image-box-description\">Conoc\u00e9 a los protagonistas del cambio.<\/p><\/div><\/div>\t\t\t\t<\/div>\n\t\t\t\t<\/div>\n\t\t\t\t\t<\/div>\n\t\t<\/div>\n\t\t\t\t<div class=\"elementor-column elementor-col-33 elementor-top-column elementor-element elementor-element-77ed194\" data-id=\"77ed194\" data-element_type=\"column\" data-e-type=\"column\">\n\t\t\t<div class=\"elementor-widget-wrap\">\n\t\t\t\t\t\t\t<\/div>\n\t\t<\/div>\n\t\t\t\t\t<\/div>\n\t\t<\/section>\n\t\t\t\t<\/div>","protected":false},"excerpt":{"rendered":"<p>Novedades Home P\u00e1gina Guardianes del Planeta COA\u00a0es una iniciativa del Comit\u00e9 Ol\u00edmpico Argentino que, desde fines de 2020, promueve la educaci\u00f3n ambiental y el desarrollo sostenible a trav\u00e9s de una alianza con instituciones educativas y deportivas. Convoca a estudiantes y deportistas, a protagonizar acciones concretas de cuidado del ambiente como el reciclaje, la plantaci\u00f3n de [&hellip;]<\/p>\n","protected":false},"author":1,"featured_media":0,"parent":0,"menu_order":0,"comment_status":"closed","ping_status":"closed","template":"","meta":{"_acf_changed":false,"footnotes":""},"class_list":["post-27","page","type-page","status-publish","hentry"],"acf":[],"_links":{"self":[{"href":"https:\/\/selloambientalcoa.org.ar\/en\/wp-json\/wp\/v2\/pages\/27","targetHints":{"allow":["GET"]}}],"collection":[{"href":"https:\/\/selloambientalcoa.org.ar\/en\/wp-json\/wp\/v2\/pages"}],"about":[{"href":"https:\/\/selloambientalcoa.org.ar\/en\/wp-json\/wp\/v2\/types\/page"}],"author":[{"embeddable":true,"href":"https:\/\/selloambientalcoa.org.ar\/en\/wp-json\/wp\/v2\/users\/1"}],"replies":[{"embeddable":true,"href":"https:\/\/selloambientalcoa.org.ar\/en\/wp-json\/wp\/v2\/comments?post=27"}],"version-history":[{"count":7,"href":"https:\/\/selloambientalcoa.org.ar\/en\/wp-json\/wp\/v2\/pages\/27\/revisions"}],"predecessor-version":[{"id":4234,"href":"https:\/\/selloambientalcoa.org.ar\/en\/wp-json\/wp\/v2\/pages\/27\/revisions\/4234"}],"wp:attachment":[{"href":"https:\/\/selloambientalcoa.org.ar\/en\/wp-json\/wp\/v2\/media?parent=27"}],"curies":[{"name":"wp","href":"https:\/\/api.w.org\/{rel}","templated":true}]}}